{"id":9,"date":"2019-10-16T14:07:57","date_gmt":"2019-10-16T12:07:57","guid":{"rendered":"http:\/\/cukierniatrzesniewski.pl\/?page_id=9"},"modified":"2020-03-10T12:00:35","modified_gmt":"2020-03-10T11:00:35","slug":"strona-glowna","status":"publish","type":"page","link":"http:\/\/cukierniatrzesniewski.pl\/","title":{"rendered":""},"content":{"rendered":"<h3 style=\"padding-left: 40px;\">Niezmiernie mi\u0142o\u00a0 nam powita\u0107 Pa\u0144stwa w naszej rodzinnej cukierni Trze\u015bniewskich!<\/h3>\n<p style=\"padding-left: 40px;\">Ka\u017cde ciastko, podobnie jak wszystkie pozosta\u0142e wyroby powstaj\u0105 u nas w pracowni wg tradycyjnych receptur naszego dziadka Bogus\u0142awa Trze\u015bniewskiego Seniora, a my wype\u0142niamy je mi\u0142o\u015bci\u0105 i dba\u0142o\u015bci\u0105 o najdrobniejsze szczeg\u00f3\u0142y.<\/p>\n<p style=\"padding-left: 40px;\">Ka\u017cdego dnia przed \u015bwitem rozpoczynamy proces, dzi\u0119ki kt\u00f3remu mo\u017cemy przygotowa\u0107 dla Pa\u0144stwa \u015bwie\u017ce pachn\u0105ce p\u0105czki, ciasta, ciastka i ciasteczka wykonane w naszej pracowni z najlepszych sk\u0142adnik\u00f3w.<\/p>\n<p style=\"padding-left: 40px;\">Serdecznie zapraszamy. Smacznego!<\/p>\n<p>\u00a0\u00a0\u00a0\u00a0\u00a0\u00a0\u00a0\u00a0\u00a0\u00a0\u00a0 Pracownia Cukiernicza Trze\u015bniewski s.c.<\/p>\n<div class='avc_visit_counter_front_simple' style=\" width: 100%; max-width: 300px; border: 2px solid #000000; color:#000000; background-color:#ffffff; border-radius: 0px; float: left; padding: 5px\">  Visits: 62  Visits: 372597<\/div>","protected":false},"excerpt":{"rendered":"<p>Niezmiernie mi\u0142o\u00a0 nam powita\u0107 Pa\u0144stwa w naszej rodzinnej cukierni Trze\u015bniewskich! Ka\u017cde ciastko, podobnie jak wszystkie pozosta\u0142e wyroby powstaj\u0105 u nas w pracowni wg tradycyjnych receptur naszego dziadka Bogus\u0142awa Trze\u015bniewskiego Seniora, a my wype\u0142niamy je mi\u0142o\u015bci\u0105 i dba\u0142o\u015bci\u0105 o najdrobniejsze szczeg\u00f3\u0142y. Ka\u017cdego dnia przed \u015bwitem rozpoczynamy proces, dzi\u0119ki kt\u00f3remu mo\u017cemy przygotowa\u0107 dla Pa\u0144stwa \u015bwie\u017ce pachn\u0105ce p\u0105czki, &hellip; <\/p>\n<p class=\"link-more\"><a href=\"http:\/\/cukierniatrzesniewski.pl\/\" class=\"more-link\">Czytaj dalej<span class=\"screen-reader-text\"> \u201e\u201d<\/span><\/a><\/p>\n","protected":false},"author":1,"featured_media":229,"parent":0,"menu_order":0,"comment_status":"closed","ping_status":"closed","template":"","meta":{"footnotes":""},"_links":{"self":[{"href":"http:\/\/cukierniatrzesniewski.pl\/index.php\/wp-json\/wp\/v2\/pages\/9"}],"collection":[{"href":"http:\/\/cukierniatrzesniewski.pl\/index.php\/wp-json\/wp\/v2\/pages"}],"about":[{"href":"http:\/\/cukierniatrzesniewski.pl\/index.php\/wp-json\/wp\/v2\/types\/page"}],"author":[{"embeddable":true,"href":"http:\/\/cukierniatrzesniewski.pl\/index.php\/wp-json\/wp\/v2\/users\/1"}],"replies":[{"embeddable":true,"href":"http:\/\/cukierniatrzesniewski.pl\/index.php\/wp-json\/wp\/v2\/comments?post=9"}],"version-history":[{"count":15,"href":"http:\/\/cukierniatrzesniewski.pl\/index.php\/wp-json\/wp\/v2\/pages\/9\/revisions"}],"predecessor-version":[{"id":435,"href":"http:\/\/cukierniatrzesniewski.pl\/index.php\/wp-json\/wp\/v2\/pages\/9\/revisions\/435"}],"wp:featuredmedia":[{"embeddable":true,"href":"http:\/\/cukierniatrzesniewski.pl\/index.php\/wp-json\/wp\/v2\/media\/229"}],"wp:attachment":[{"href":"http:\/\/cukierniatrzesniewski.pl\/index.php\/wp-json\/wp\/v2\/media?parent=9"}],"curies":[{"name":"wp","href":"https:\/\/api.w.org\/{rel}","templated":true}]}}